{"id":3506,"date":"2026-01-28T08:29:52","date_gmt":"2026-01-28T08:29:52","guid":{"rendered":"https:\/\/secureon.si\/?page_id=3506"},"modified":"2026-04-20T12:57:21","modified_gmt":"2026-04-20T12:57:21","slug":"politika-zasebnosti","status":"publish","type":"page","link":"https:\/\/secureon.si\/sl\/politika-zasebnosti\/","title":{"rendered":"Politika zasebnosti"},"content":{"rendered":"\n<p>Namen Politike zasebnosti&nbsp;Secureon&nbsp;d.&nbsp;o.&nbsp;o. je seznaniti posameznike, uporabnike storitev ter druge osebe (v nadaljevanju: posameznik), ki sodelujejo&nbsp;s&nbsp;Secureon&nbsp;d.&nbsp;o.&nbsp;o.&nbsp;o&nbsp;namenih, pravnih podlagah, varnostnih ukrepih in pravicah posameznikov glede obdelave osebnih podatkov, ki jih izvaja&nbsp;Secureon&nbsp;d.&nbsp;o.&nbsp;o..<\/p>\n\n\n\n<p>Osebne podatke obdelujemo v skladu&nbsp;s&nbsp;<strong>Splo\u0161no&nbsp;uredba o varstvu podatkov (EU) 2016\/697&nbsp;(GDPR)<\/strong> ter&nbsp;<strong>Zakonom&nbsp;o varstvu osebnih podatkov (ZVOP-2).<\/strong><\/p>\n\n\n\n<h2 class=\"wp-block-heading\">1. Upravljavec osebnih podatkov<\/h2>\n\n\n\n<p>Upravljavec osebnih podatkov (v nadaljevanju: upravljavec) je:<\/p>\n\n\n\n<p><strong>SECUREON,&nbsp;informacijske&nbsp;varnostne&nbsp;re\u0161itve, d.o.o.<\/strong><br><strong>Marezige&nbsp;60C, 6273&nbsp;Marezige<\/strong><br><a href=\"mailto:info@secureon.si\" target=\"_blank\" rel=\"noreferrer noopener\"><strong>info@secureon.si<\/strong><\/a><\/p>\n\n\n\n<h2 class=\"wp-block-heading\">2. Pravna podlaga in obseg obdelave osebnih podatkov<\/h2>\n\n\n\n<p>Upravljavec obdeluje osebne podatke posameznikov na podlagi njihove&nbsp;privolitve&nbsp;dane&nbsp;prek kontaktnega obrazca na spletni strani&nbsp;oz.&nbsp;drugega&nbsp;prostovoljnega posredovanja&nbsp;podatkov s strani posameznika.<\/p>\n\n\n\n<p>Pri tem se&nbsp;obdelujejo naslednji osebni podatki:<\/p>\n\n\n\n<ul class=\"wp-block-list\">\n<li>ime in priimek,<\/li>\n\n\n\n<li>elektronski naslov,<\/li>\n\n\n\n<li>naziv&nbsp;podjetja&nbsp;(\u010de je naveden),<\/li>\n\n\n\n<li>telefonska \u0161tevilka (\u010de je navedena),<\/li>\n\n\n\n<li>vsebina sporo\u010dila oziroma drugi&nbsp;osebni&nbsp;podatki, ki jih posameznik posreduje.<\/li>\n<\/ul>\n\n\n\n<h2 class=\"wp-block-heading\">3. Namen obdelave osebnih podatkov<\/h2>\n\n\n\n<p>Upravljavec ne izvaja sistemati\u010dne obdelave osebnih podatkov. Prejeti&nbsp;osebni&nbsp;podatki&nbsp;se&nbsp;obdelujejo&nbsp;za&nbsp;naslednje namene:<\/p>\n\n\n\n<ul class=\"wp-block-list\">\n<li>odgovor na posredovana povpra\u0161evanja,<\/li>\n\n\n\n<li>priprava in posredovanje ponudb,<\/li>\n\n\n\n<li>vzpostavitev in vzdr\u017eevanje komunikacije s posameznikom,<\/li>\n\n\n\n<li>presoja mo\u017enosti za vzpostavitev poslovnega sodelovanja.<\/li>\n<\/ul>\n\n\n\n<h2 class=\"wp-block-heading\">4. Hramba osebnih podatkov<\/h2>\n\n\n\n<p>Osebni podatki se hranijo zgolj toliko \u010dasa, kolikor je nujno potrebno za uresni\u010ditev namena, zaradi katerega so bili zbrani.<\/p>\n\n\n\n<p>Po prenehanju namena obdelave se osebni podatki trajno izbri\u0161ejo oziroma&nbsp;anonimizirajo, razen \u010de obstaja druga pravna podlaga za nadaljnjo hrambo.<\/p>\n\n\n\n<h2 class=\"wp-block-heading\">5. Posredovanje podatkov tretjim osebam<\/h2>\n\n\n\n<p>Osebni podatki&nbsp;zbrani preko&nbsp;spletnega&nbsp;kontaktnega obrazca oz. posredovani s strani posameznikov&nbsp;se ne posredujejo tretjim osebam in se ne uporabljajo za druge namene.<\/p>\n\n\n\n<h2 class=\"wp-block-heading\">6. Pravice posameznika<\/h2>\n\n\n\n<p>Posameznik ima v zvezi z obdelavo&nbsp;njegovih&nbsp;osebnih podatkov&nbsp;na&nbsp;podlagi&nbsp;<strong>Splo\u0161ne&nbsp;uredbe&nbsp;o varstvu podatkov (EU) 2016\/697&nbsp;(GDPR)<\/strong>&nbsp;naslednje pravice:&nbsp;<\/p>\n\n\n\n<ul class=\"wp-block-list\">\n<li>pravico do dostopa do osebnih podatkov,<\/li>\n\n\n\n<li>pravico do popravka neto\u010dnih ali nepopolnih podatkov,<\/li>\n\n\n\n<li>pravico do izbrisa (\u00bbpravica do pozabe\u00ab),<\/li>\n\n\n\n<li>pravico do omejitve obdelave,<\/li>\n\n\n\n<li>pravico do ugovora obdelavi,<\/li>\n\n\n\n<li>pravico do prenosljivosti podatkov.<\/li>\n<\/ul>\n\n\n\n<p>Posameznik lahko svoje pravice uveljavlja z zahtevo, posredovano na elektronski naslov:&nbsp;<a href=\"mailto:info@secureon.si\" target=\"_blank\" rel=\"noreferrer noopener\"><strong>info@secureon.si<\/strong><\/a>.&nbsp;Upravljavec bo na prejeto zahtevo odgovoril najkasneje v roku <strong>30 dni<\/strong>.<\/p>\n\n\n\n<h2 class=\"wp-block-heading\">7. Varstvo osebnih podatkov<\/h2>\n\n\n\n<p>Upravljavec&nbsp;varuje&nbsp;osebne&nbsp;podatke&nbsp;v skladu z veljavno zakonodajo, pri \u010demer ima sprejete in implementirane&nbsp;ustrezne&nbsp;tehni\u010dne&nbsp;in&nbsp;organizacijske varnostne&nbsp;ukrepe&nbsp;za za\u0161\u010dito podatkov pred nepoobla\u0161\u010denim dostopom, izgubo, uni\u010denjem ali zlorabo.<\/p>\n\n\n\n<h2 class=\"wp-block-heading\">8. Kon\u010dne dolo\u010dbe<\/h2>\n\n\n\n<p>Ta politika zasebnosti velja od dneva objave na spletni strani.<\/p>\n\n\n\n<p>Upravljavec si pridr\u017euje pravico do spremembe te politike zasebnosti. Spremenjena politika bo objavljena na spletni strani, pri \u010demer za\u010dne veljati z dnem objave.<\/p>\n","protected":false},"excerpt":{"rendered":"<p>Namen Politike zasebnosti&nbsp;Secureon&nbsp;d.&nbsp;o.&nbsp;o. je seznaniti posameznike, uporabnike storitev ter druge osebe (v nadaljevanju: posameznik), ki sodelujejo&nbsp;s&nbsp;Secureon&nbsp;d.&nbsp;o.&nbsp;o.&nbsp;o&nbsp;namenih, pravnih podlagah, varnostnih ukrepih [&hellip;]<\/p>\n","protected":false},"author":2,"featured_media":0,"parent":0,"menu_order":0,"comment_status":"closed","ping_status":"open","template":"","meta":{"_uag_custom_page_level_css":"","site-sidebar-layout":"default","site-content-layout":"","ast-site-content-layout":"default","site-content-style":"default","site-sidebar-style":"default","ast-global-header-display":"","ast-banner-title-visibility":"","ast-main-header-display":"","ast-hfb-above-header-display":"","ast-hfb-below-header-display":"","ast-hfb-mobile-header-display":"","site-post-title":"","ast-breadcrumbs-content":"","ast-featured-img":"","footer-sml-layout":"","ast-disable-related-posts":"","theme-transparent-header-meta":"","adv-header-id-meta":"","stick-header-meta":"","header-above-stick-meta":"","header-main-stick-meta":"","header-below-stick-meta":"","astra-migrate-meta-layouts":"default","ast-page-background-enabled":"default","ast-page-background-meta":{"desktop":{"background-color":"var(--ast-global-color-5)","background-image":"","background-repeat":"repeat","background-position":"center center","background-size":"auto","background-attachment":"scroll","background-type":"","background-media":"","overlay-type":"","overlay-color":"","overlay-opacity":"","overlay-gradient":""},"tablet":{"background-color":"","background-image":"","background-repeat":"repeat","background-position":"center center","background-size":"auto","background-attachment":"scroll","background-type":"","background-media":"","overlay-type":"","overlay-color":"","overlay-opacity":"","overlay-gradient":""},"mobile":{"background-color":"","background-image":"","background-repeat":"repeat","background-position":"center center","background-size":"auto","background-attachment":"scroll","background-type":"","background-media":"","overlay-type":"","overlay-color":"","overlay-opacity":"","overlay-gradient":""}},"ast-content-background-meta":{"desktop":{"background-color":"var(--ast-global-color-4)","background-image":"","background-repeat":"repeat","background-position":"center center","background-size":"auto","background-attachment":"scroll","background-type":"","background-media":"","overlay-type":"","overlay-color":"","overlay-opacity":"","overlay-gradient":""},"tablet":{"background-color":"var(--ast-global-color-4)","background-image":"","background-repeat":"repeat","background-position":"center center","background-size":"auto","background-attachment":"scroll","background-type":"","background-media":"","overlay-type":"","overlay-color":"","overlay-opacity":"","overlay-gradient":""},"mobile":{"background-color":"var(--ast-global-color-4)","background-image":"","background-repeat":"repeat","background-position":"center center","background-size":"auto","background-attachment":"scroll","background-type":"","background-media":"","overlay-type":"","overlay-color":"","overlay-opacity":"","overlay-gradient":""}},"spectra_gs_classes":"[\"\"]","footnotes":""},"class_list":["post-3506","page","type-page","status-publish","hentry"],"spectra_custom_meta":{"spectra_gs_classes":["[\"\"]"],"surerank_seo_checks":["a:13:{s:14:\"h2_subheadings\";a:3:{s:6:\"status\";s:7:\"success\";s:7:\"message\";s:38:\"Page contains at least one subheading.\";s:4:\"type\";s:4:\"page\";}s:13:\"media_present\";a:3:{s:6:\"status\";s:7:\"warning\";s:7:\"message\";s:39:\"No images or videos found on this page.\";s:4:\"type\";s:4:\"page\";}s:13:\"links_present\";a:3:{s:6:\"status\";s:7:\"success\";s:7:\"message\";s:30:\"Links are present on the page.\";s:4:\"type\";s:4:\"page\";}s:10:\"url_length\";a:3:{s:6:\"status\";s:7:\"success\";s:7:\"message\";s:35:\"Page URL is short and SEO-friendly.\";s:4:\"type\";s:4:\"page\";}s:19:\"search_engine_title\";a:3:{s:6:\"status\";s:7:\"success\";s:7:\"message\";s:55:\"Search engine title is present and under 60 characters.\";s:4:\"type\";s:4:\"page\";}s:25:\"search_engine_description\";a:3:{s:6:\"status\";s:7:\"success\";s:7:\"message\";s:62:\"Search engine description is present and under 160 characters.\";s:4:\"type\";s:4:\"page\";}s:13:\"canonical_url\";a:3:{s:6:\"status\";s:7:\"success\";s:7:\"message\";s:37:\"Canonical tag is present on the page.\";s:4:\"type\";s:4:\"page\";}s:15:\"open_graph_tags\";a:3:{s:6:\"status\";s:7:\"success\";s:7:\"message\";s:40:\"Open Graph tags are present on the page.\";s:4:\"type\";s:4:\"page\";}s:16:\"keyword_in_title\";a:3:{s:6:\"status\";s:10:\"suggestion\";s:7:\"message\";s:38:\"No focus keyword set to analyze title.\";s:4:\"type\";s:7:\"keyword\";}s:22:\"keyword_in_description\";a:3:{s:6:\"status\";s:10:\"suggestion\";s:7:\"message\";s:49:\"No focus keyword set to analyze meta description.\";s:4:\"type\";s:7:\"keyword\";}s:14:\"keyword_in_url\";a:3:{s:6:\"status\";s:10:\"suggestion\";s:7:\"message\";s:36:\"No focus keyword set to analyze URL.\";s:4:\"type\";s:7:\"keyword\";}s:18:\"keyword_in_content\";a:3:{s:6:\"status\";s:10:\"suggestion\";s:7:\"message\";s:40:\"No focus keyword set to analyze content.\";s:4:\"type\";s:7:\"keyword\";}s:12:\"broken_links\";a:2:{s:6:\"status\";s:7:\"success\";s:7:\"message\";s:34:\"No broken links found on the page.\";}}"],"surerank_seo_checks_last_updated":["1776689841"],"_edit_lock":["1776689842:2"],"_wpml_word_count":["602"],"_edit_last":["2"],"_wp_page_template":["default"],"_wpml_media_duplicate":["1"],"_wpml_media_featured":["1"],"_uag_page_assets":["a:9:{s:3:\"css\";s:9284:\".uagb-block-85e4f4f1 .uagb-ifb-icon{width: 30px;line-height: 30px;}.uagb-block-85e4f4f1 .uagb-ifb-icon > span{font-size: 30px;width: 30px;line-height: 30px;color: #333;}.uagb-block-85e4f4f1 .uagb-ifb-icon svg{fill: #333;}.uagb-block-85e4f4f1.uagb-infobox__content-wrap .uagb-ifb-icon-wrap svg{width: 30px;height: 30px;line-height: 30px;font-size: 30px;color: #333;fill: #333;}.uagb-block-85e4f4f1 .uagb-ifb-content .uagb-ifb-icon-wrap svg{line-height: 30px;font-size: 30px;color: #333;fill: #333;}.uagb-block-85e4f4f1 .uagb-iconbox-icon-wrap{margin: auto;display: inline-flex;align-items: center;justify-content: center;box-sizing: content-box;width: 30px;height: 30px;line-height: 30px;padding-left: 0px;padding-right: 0px;padding-top: 0px;padding-bottom: 0px;}.uagb-block-85e4f4f1.uagb-infobox__content-wrap .uagb-ifb-icon-wrap > svg{padding-left: 0px;padding-right: 0px;padding-top: 0px;padding-bottom: 0px;}.uagb-block-85e4f4f1.uagb-infobox__content-wrap .uagb-ifb-content .uagb-ifb-icon-wrap > svg{padding-left: 0px;padding-right: 0px;padding-top: 0px;padding-bottom: 0px;}.uagb-block-85e4f4f1 .uagb-ifb-content .uagb-ifb-left-title-image svg{width: 30px;line-height: 30px;font-size: 30px;color: #333;fill: #333;}.uagb-block-85e4f4f1 .uagb-ifb-content .uagb-ifb-right-title-image svg{width: 30px;line-height: 30px;font-size: 30px;color: #333;fill: #333;}.uagb-block-85e4f4f1 .uagb-infobox__content-wrap .uagb-ifb-imgicon-wrap{padding-left: 0px;padding-right: 0px;padding-top: 0px;padding-bottom: 0px;}.uagb-block-85e4f4f1 .uagb-infobox .uagb-ifb-image-content img{border-radius: 0px;}.uagb-block-85e4f4f1.uagb-infobox__content-wrap img{padding-left: 0px;padding-right: 0px;padding-top: 0px;padding-bottom: 0px;border-radius: 0px;}.uagb-block-85e4f4f1.uagb-infobox__content-wrap .uagb-ifb-content .uagb-ifb-right-title-image > img{padding-left: 0px;padding-right: 0px;padding-top: 0px;padding-bottom: 0px;border-radius: 0px;}.uagb-block-85e4f4f1.uagb-infobox__content-wrap .uagb-ifb-content .uagb-ifb-left-title-image > img{padding-left: 0px;padding-right: 0px;padding-top: 0px;padding-bottom: 0px;border-radius: 0px;}.uagb-block-85e4f4f1.uagb-infobox__content-wrap .uagb-ifb-content > img{padding-left: 0px;padding-right: 0px;padding-top: 0px;padding-bottom: 0px;border-radius: 0px;}.uagb-block-85e4f4f1 .uagb-ifb-title-wrap .uagb-ifb-title-prefix{margin-bottom: 10px;margin-top: 5px;}.uagb-block-85e4f4f1.wp-block-uagb-info-box .uagb-ifb-title{margin-bottom: 10px;}.uagb-block-85e4f4f1.wp-block-uagb-info-box .uagb-ifb-desc{margin-bottom: 0px;margin-top: 20px;margin-left: 0px;margin-right: 0px;}.uagb-block-85e4f4f1 .uagb-ifb-separator{width: 30%;border-top-width: 2px;border-top-color: #333;border-top-style: solid;margin-bottom: 0px;}.uagb-block-85e4f4f1 .uagb-infobox__content-wrap .uagb-ifb-separator{width: 30%;border-top-width: 2px;border-top-color: #333;border-top-style: solid;}.uagb-block-85e4f4f1 .uagb-ifb-align-icon-after{margin-left: 5px;}.uagb-block-85e4f4f1 .uagb-ifb-align-icon-before{margin-right: 5px;}.uagb-block-85e4f4f1.uagb-infobox__content-wrap .uagb-ifb-content svg{box-sizing: content-box;}.uagb-block-85e4f4f1.uagb-infobox__content-wrap .uagb-ifb-content img{box-sizing: content-box;}.uagb-block-85e4f4f1 .uagb-infobox__content-wrap{text-align: left;}.uagb-block-85e4f4f1.uagb-infobox-icon-above-title{text-align: left;}.uagb-block-85e4f4f1.uagb-infobox__content-wrap .uagb-infobox-cta-link > svg {margin-left: 5px;}[dir=rtl] .uagb-block-85e4f4f1 .uagb-iconbox-icon-wrap{padding-right: 0px;padding-left: 0px;}[dir=rtl] .uagb-block-85e4f4f1.uagb-infobox__content-wrap .uagb-ifb-icon-wrap > svg{padding-right: 0px;padding-left: 0px;}[dir=rtl] .uagb-block-85e4f4f1.uagb-infobox__content-wrap .uagb-ifb-content .uagb-ifb-icon-wrap > svg{padding-right: 0px;padding-left: 0px;}[dir=rtl] .uagb-block-85e4f4f1.uagb-infobox__content-wrap img{padding-right: 0px;padding-left: 0px;}[dir=rtl] .uagb-block-85e4f4f1.uagb-infobox__content-wrap .uagb-ifb-content .uagb-ifb-right-title-image > img{padding-right: 0px;padding-left: 0px;}[dir=rtl] .uagb-block-85e4f4f1.uagb-infobox__content-wrap .uagb-ifb-content .uagb-ifb-left-title-image > img{padding-right: 0px;padding-left: 0px;}[dir=rtl] .uagb-block-85e4f4f1.uagb-infobox__content-wrap .uagb-ifb-content > img{padding-right: 0px;padding-left: 0px;}[dir=rtl] .uagb-block-85e4f4f1.uagb-infobox__content-wrap{text-align: right;}[dir=rtl] .uagb-block-85e4f4f1.uagb-infobox-icon-above-title{text-align: right;}[dir=rtl] .uagb-block-85e4f4f1.uagb-infobox__content-wrap .uagb-infobox-cta-link > svg{margin-right: 5px;margin-left: 0px;}@media only screen and (max-width: 976px) {.uagb-block-85e4f4f1.uagb-infobox__content-wrap .uagb-ifb-icon-wrap > svg{width: 30px;height: 30px;line-height: 30px;font-size: 30px;}.uagb-block-85e4f4f1.uagb-infobox__content-wrap .uagb-ifb-content .uagb-ifb-icon-wrap > svg{line-height: 30px;font-size: 30px;}.uagb-block-85e4f4f1.uagb-infobox__content-wrap .uagb-ifb-content img{box-sizing: content-box;}.uagb-block-85e4f4f1 .uagb-ifb-icon{width: 30px;line-height: 30px;}.uagb-block-85e4f4f1 .uagb-ifb-icon > span{font-size: 30px;width: 30px;line-height: 30px;}.uagb-block-85e4f4f1 .uagb-iconbox-icon-wrap{width: 30px;height: 30px;line-height: 30px;}.uagb-block-85e4f4f1 .uagb-ifb-content .uagb-ifb-left-title-image > svg{width: 30px;line-height: 30px;font-size: 30px;}.uagb-block-85e4f4f1 .uagb-ifb-content .uagb-ifb-right-title-image > svg{width: 30px;line-height: 30px;font-size: 30px;}.uagb-block-85e4f4f1.uagb-infobox__content-wrap .uagb-infobox-cta-link > svg {margin-left: 5px;}[dir=rtl] .uagb-block-85e4f4f1.uagb-infobox__content-wrap .uagb-infobox-cta-link > svg{margin-right: 5px;margin-left: 0px;}}@media only screen and (max-width: 767px) {.uagb-block-85e4f4f1.uagb-infobox__content-wrap .uagb-ifb-icon-wrap > svg{width: 30px;height: 30px;line-height: 30px;font-size: 30px;}.uagb-block-85e4f4f1.uagb-infobox__content-wrap .uagb-ifb-content .uagb-ifb-icon-wrap > svg{line-height: 30px;font-size: 30px;}.uagb-block-85e4f4f1 .uagb-ifb-content .uagb-ifb-left-title-image > svg{width: 30px;line-height: 30px;font-size: 30px;}.uagb-block-85e4f4f1 .uagb-ifb-content .uagb-ifb-right-title-image > svg{width: 30px;line-height: 30px;font-size: 30px;}.uagb-block-85e4f4f1.uagb-infobox__content-wrap .uagb-ifb-content img{box-sizing: content-box;}.uagb-block-85e4f4f1 .uagb-ifb-icon{width: 30px;line-height: 30px;}.uagb-block-85e4f4f1 .uagb-ifb-icon > span{font-size: 30px;width: 30px;line-height: 30px;}.uagb-block-85e4f4f1 .uagb-iconbox-icon-wrap{width: 30px;height: 30px;line-height: 30px;}.uagb-block-85e4f4f1.uagb-infobox-icon-above-title{text-align: center;}.uagb-block-85e4f4f1.uagb-infobox__content-wrap .uagb-infobox-cta-link > svg {margin-left: 5px;}[dir=rtl] .uagb-block-85e4f4f1.uagb-infobox-icon-above-title{text-align: center;}[dir=rtl] .uagb-block-85e4f4f1.uagb-infobox__content-wrap .uagb-infobox-cta-link > svg{margin-right: 5px;margin-left: 0px;}}.wp-block-uagb-advanced-heading.uagb-block-38cd0d5f.wp-block-uagb-advanced-heading .uagb-desc-text{margin-bottom: 15px;}.wp-block-uagb-advanced-heading.uagb-block-38cd0d5f.wp-block-uagb-advanced-heading .uagb-highlight{font-style: normal;font-weight: Default;background: #007cba;color: #fff;-webkit-text-fill-color: #fff;}.wp-block-uagb-advanced-heading.uagb-block-38cd0d5f.wp-block-uagb-advanced-heading .uagb-highlight::-moz-selection{color: #fff;background: #007cba;-webkit-text-fill-color: #fff;}.wp-block-uagb-advanced-heading.uagb-block-38cd0d5f.wp-block-uagb-advanced-heading .uagb-highlight::selection{color: #fff;background: #007cba;-webkit-text-fill-color: #fff;}.wp-block-uagb-advanced-heading.uagb-block-d3bbd96f.wp-block-uagb-advanced-heading {padding-top: 0px;padding-right: 0px;padding-bottom: 0px;padding-left: 6px;}.wp-block-uagb-advanced-heading.uagb-block-d3bbd96f.wp-block-uagb-advanced-heading .uagb-desc-text{margin-bottom: 15px;}.wp-block-uagb-advanced-heading.uagb-block-d3bbd96f.wp-block-uagb-advanced-heading .uagb-highlight{font-style: normal;font-weight: Default;background: #007cba;color: #fff;-webkit-text-fill-color: #fff;}.wp-block-uagb-advanced-heading.uagb-block-d3bbd96f.wp-block-uagb-advanced-heading .uagb-highlight::-moz-selection{color: #fff;background: #007cba;-webkit-text-fill-color: #fff;}.wp-block-uagb-advanced-heading.uagb-block-d3bbd96f.wp-block-uagb-advanced-heading .uagb-highlight::selection{color: #fff;background: #007cba;-webkit-text-fill-color: #fff;}@media only screen and (max-width: 767px) {.wp-block-uagb-advanced-heading.uagb-block-d3bbd96f.wp-block-uagb-advanced-heading {padding-left: 0px;}}.wp-block-uagb-advanced-heading.uagb-block-3e5aef45.wp-block-uagb-advanced-heading .uagb-desc-text{margin-bottom: 15px;}.wp-block-uagb-advanced-heading.uagb-block-3e5aef45.wp-block-uagb-advanced-heading .uagb-highlight{font-style: normal;font-weight: Default;background: #007cba;color: #fff;-webkit-text-fill-color: #fff;}.wp-block-uagb-advanced-heading.uagb-block-3e5aef45.wp-block-uagb-advanced-heading .uagb-highlight::-moz-selection{color: #fff;background: #007cba;-webkit-text-fill-color: #fff;}.wp-block-uagb-advanced-heading.uagb-block-3e5aef45.wp-block-uagb-advanced-heading .uagb-highlight::selection{color: #fff;background: #007cba;-webkit-text-fill-color: #fff;}\";s:2:\"js\";s:0:\"\";s:18:\"current_block_list\";a:13:{i:0;s:14:\"core\/paragraph\";i:1;s:12:\"core\/heading\";i:2;s:9:\"core\/list\";i:3;s:14:\"core\/list-item\";i:4;s:11:\"core\/search\";i:5;s:10:\"core\/group\";i:6;s:17:\"core\/latest-posts\";i:7;s:20:\"core\/latest-comments\";i:8;s:13:\"core\/archives\";i:9;s:15:\"core\/categories\";i:10;s:13:\"uagb\/info-box\";i:11;s:21:\"uagb\/advanced-heading\";i:12;s:14:\"core\/shortcode\";}s:8:\"uag_flag\";b:1;s:11:\"uag_version\";i:1776693482;s:6:\"gfonts\";a:0:{}s:10:\"gfonts_url\";s:0:\"\";s:12:\"gfonts_files\";a:0:{}s:14:\"uag_faq_layout\";b:0;}"]},"uagb_featured_image_src":{"full":false,"thumbnail":false,"medium":false,"medium_large":false,"large":false,"1536x1536":false,"2048x2048":false},"uagb_author_info":{"display_name":"Secureon Admin","author_link":"https:\/\/secureon.si\/sl\/author\/sec_admin_x1vd\/"},"uagb_comment_info":0,"uagb_excerpt":"Namen Politike zasebnosti&nbsp;Secureon&nbsp;d.&nbsp;o.&nbsp;o. je seznaniti posameznike, uporabnike storitev ter druge osebe (v nadaljevanju: posameznik), ki sodelujejo&nbsp;s&nbsp;Secureon&nbsp;d.&nbsp;o.&nbsp;o.&nbsp;o&nbsp;namenih, pravnih podlagah, varnostnih ukrepih [&hellip;]","_links":{"self":[{"href":"https:\/\/secureon.si\/sl\/wp-json\/wp\/v2\/pages\/3506","targetHints":{"allow":["GET"]}}],"collection":[{"href":"https:\/\/secureon.si\/sl\/wp-json\/wp\/v2\/pages"}],"about":[{"href":"https:\/\/secureon.si\/sl\/wp-json\/wp\/v2\/types\/page"}],"author":[{"embeddable":true,"href":"https:\/\/secureon.si\/sl\/wp-json\/wp\/v2\/users\/2"}],"replies":[{"embeddable":true,"href":"https:\/\/secureon.si\/sl\/wp-json\/wp\/v2\/comments?post=3506"}],"version-history":[{"count":3,"href":"https:\/\/secureon.si\/sl\/wp-json\/wp\/v2\/pages\/3506\/revisions"}],"predecessor-version":[{"id":3511,"href":"https:\/\/secureon.si\/sl\/wp-json\/wp\/v2\/pages\/3506\/revisions\/3511"}],"wp:attachment":[{"href":"https:\/\/secureon.si\/sl\/wp-json\/wp\/v2\/media?parent=3506"}],"curies":[{"name":"wp","href":"https:\/\/api.w.org\/{rel}","templated":true}]}}